{"id":1789,"date":"2021-09-21T13:12:26","date_gmt":"2021-09-21T10:12:26","guid":{"rendered":"https:\/\/www.zlataroudna.cz\/gold\/contacts-copy\/"},"modified":"2024-05-04T00:15:20","modified_gmt":"2024-05-03T22:15:20","slug":"faq","status":"publish","type":"page","link":"https:\/\/zlataroudna.cz\/gold\/faq\/","title":{"rendered":"FAQ &#8211; \u010dast\u00e9 ot\u00e1zky a odpov\u011bdi"},"content":{"rendered":"\t\t<div data-elementor-type=\"wp-page\" data-elementor-id=\"1789\" class=\"elementor elementor-1789\">\n\t\t\t\t\t\t<section class=\"elementor-section elementor-top-section elementor-element elementor-element-1d827ae elementor-section-boxed elementor-section-height-default elementor-section-height-default\" data-id=\"1d827ae\" data-element_type=\"section\" data-e-type=\"section\">\n\t\t\t\t\t\t<div class=\"elementor-container elementor-column-gap-default\">\n\t\t\t\t\t<div class=\"elementor-column elementor-col-100 elementor-top-column elementor-element elementor-element-bbad00d\" data-id=\"bbad00d\" data-element_type=\"column\" data-e-type=\"column\">\n\t\t\t<div class=\"elementor-widget-wrap elementor-element-populated\">\n\t\t\t\t\t\t<div class=\"elementor-element elementor-element-9c2ad24 elementor-widget elementor-widget-ideapark-heading\" data-id=\"9c2ad24\" data-element_type=\"widget\" data-e-type=\"widget\" data-widget_type=\"ideapark-heading.default\">\n\t\t\t\t<div class=\"elementor-widget-container\">\n\t\t\t\t\t<div class=\"c-ip-heading c-ip-heading--large c-ip-heading--center c-ip-heading--bullet-hide\"><div class=\"c-ip-heading__inner\">Nej\u010dast\u011bj\u0161\u00ed ot\u00e1zky a odpov\u011bdi<\/div><\/div>\t\t\t\t<\/div>\n\t\t\t\t<\/div>\n\t\t\t\t<div class=\"elementor-element elementor-element-2b7c8d4 elementor-widget elementor-widget-spacer\" data-id=\"2b7c8d4\" data-element_type=\"widget\" data-e-type=\"widget\" data-widget_type=\"spacer.default\">\n\t\t\t\t<div class=\"elementor-widget-container\">\n\t\t\t\t\t\t\t<div class=\"elementor-spacer\">\n\t\t\t<div class=\"elementor-spacer-inner\"><\/div>\n\t\t<\/div>\n\t\t\t\t\t\t<\/div>\n\t\t\t\t<\/div>\n\t\t\t\t<div class=\"elementor-element elementor-element-c39c40c elementor-widget elementor-widget-ideapark-accordion\" data-id=\"c39c40c\" data-element_type=\"widget\" data-e-type=\"widget\" data-widget_type=\"ideapark-accordion.default\">\n\t\t\t\t<div class=\"elementor-widget-container\">\n\t\t\t\t\t\t\t<div class=\"c-ip-accordion\">\n\t\t\t<div class=\"c-ip-accordion__wrap\">\n\t\t\t\t<div class=\"c-ip-accordion__list\">\n\t\t\t\t\t\t\t\t\t\t<div class=\"c-ip-accordion__item\">\n\t\t\t\t\t\t<a class=\"c-ip-accordion__link js-accordion-title\" href=\"\" onclick=\"return false;\"><div class=\"c-ip-accordion__header\">Jak\u00fd je rozd\u00edl mezi investi\u010dn\u00edmi zlat\u00fdmi slitky a \u0161perkov\u00fdm zlatem?<i class=\"ip-plus_big c-ip-accordion__arrow\"><\/i><\/div><\/a>\t\t\t\t\t\t<div class=\"c-ip-accordion__content entry-content\"><p><strong>Investi\u010dn\u00ed zlat\u00e9 slitky<\/strong> jsou vyr\u00e1b\u011bny za \u00fa\u010delem investov\u00e1n\u00ed a maj\u00ed standardizovanou v\u00e1hu a \u010distotu. Na rozd\u00edl od toho <strong>\u0161perkov\u00e9 zlato<\/strong> je ur\u010deno pro v\u00fdrobu \u0161perk\u016f a m\u00e1 r\u016fznou \u010distotu a estetick\u00e9 prvky, co\u017e m\u016f\u017ee ovlivnit jeho investi\u010dn\u00ed hodnotu.<\/p><\/div>\t\t\t\t\t<\/div>\n\t\t\t\t\t\t\t\t\t\t<div class=\"c-ip-accordion__item\">\n\t\t\t\t\t\t<a class=\"c-ip-accordion__link js-accordion-title\" href=\"\" onclick=\"return false;\"><div class=\"c-ip-accordion__header\">Jak\u00e1 je minim\u00e1ln\u00ed investice do zlat\u00fdch slitk\u016f?<i class=\"ip-plus_big c-ip-accordion__arrow\"><\/i><\/div><\/a>\t\t\t\t\t\t<div class=\"c-ip-accordion__content entry-content\"><p><strong>Minim\u00e1ln\u00ed investice<\/strong> do zlat\u00fdch slitk\u016f se li\u0161\u00ed podle v\u00fdrobce a prodejce, ale obvykle se pohybuje mezi 1 a\u017e 5 gramy. N\u011bkte\u0159\u00ed prodejci mohou m\u00edt i ni\u017e\u0161\u00ed limity pro n\u00e1kup mal\u00fdch gramov\u00fdch slitk\u016f.<\/p><\/div>\t\t\t\t\t<\/div>\n\t\t\t\t\t\t\t\t\t\t<div class=\"c-ip-accordion__item\">\n\t\t\t\t\t\t<a class=\"c-ip-accordion__link js-accordion-title\" href=\"\" onclick=\"return false;\"><div class=\"c-ip-accordion__header\">Jak je zaji\u0161t\u011bna autenti\u010dnost investi\u010dn\u00edch zlat\u00fdch slitk\u016f?<i class=\"ip-plus_big c-ip-accordion__arrow\"><\/i><\/div><\/a>\t\t\t\t\t\t<div class=\"c-ip-accordion__content entry-content\"><p><strong>Autenti\u010dnost investi\u010dn\u00edch zlat\u00fdch slitk\u016f<\/strong> je zaji\u0161t\u011bna pomoc\u00ed r\u016fzn\u00fdch zp\u016fsob\u016f, jako jsou certifik\u00e1ty, raz\u00edtka a loga v\u00fdrobce, kter\u00e9 potvrzuj\u00ed jejich p\u016fvod a \u010distotu. Mnoho renomovan\u00fdch prodejc\u016f tak\u00e9 nab\u00edz\u00ed mo\u017enost ov\u011b\u0159en\u00ed autenti\u010dnosti slitk\u016f pomoc\u00ed speci\u00e1ln\u00edch online n\u00e1stroj\u016f.<\/p><\/div>\t\t\t\t\t<\/div>\n\t\t\t\t\t\t\t\t\t\t<div class=\"c-ip-accordion__item\">\n\t\t\t\t\t\t<a class=\"c-ip-accordion__link js-accordion-title\" href=\"\" onclick=\"return false;\"><div class=\"c-ip-accordion__header\">Jak\u00e1 je likvidita investi\u010dn\u00edch zlat\u00fdch slitk\u016f?<i class=\"ip-plus_big c-ip-accordion__arrow\"><\/i><\/div><\/a>\t\t\t\t\t\t<div class=\"c-ip-accordion__content entry-content\"><p><strong>Likvidita investi\u010dn\u00edch zlat\u00fdch slitk\u016f<\/strong> je obecn\u011b vysok\u00e1, proto\u017ee zlato je glob\u00e1ln\u011b uzn\u00e1van\u00fdm a \u017e\u00e1dan\u00fdm komoditn\u00edm kovem. M\u016f\u017ee b\u00fdt snadno prod\u00e1no prost\u0159ednictv\u00edm specializovan\u00fdch prodejc\u016f, bank, auk\u010dn\u00edch dom\u016f nebo online platform.<\/p><\/div>\t\t\t\t\t<\/div>\n\t\t\t\t\t\t\t\t\t\t<div class=\"c-ip-accordion__item\">\n\t\t\t\t\t\t<a class=\"c-ip-accordion__link js-accordion-title\" href=\"\" onclick=\"return false;\"><div class=\"c-ip-accordion__header\">Jak\u00e9 jsou v\u00fdhody investov\u00e1n\u00ed do fyzick\u00e9ho zlata oproti jin\u00fdm investi\u010dn\u00edm n\u00e1stroj\u016fm?<i class=\"ip-plus_big c-ip-accordion__arrow\"><\/i><\/div><\/a>\t\t\t\t\t\t<div class=\"c-ip-accordion__content entry-content\"><p><strong>V\u00fdhody investov\u00e1n\u00ed do fyzick\u00e9ho zlata<\/strong> zahrnuj\u00ed diverzifikaci portfolia, ochranu proti inflaci a ekonomick\u00e9 nejistot\u011b, mo\u017enost dr\u017een\u00ed hmotn\u00e9ho aktiva mimo finan\u010dn\u00ed syst\u00e9m a historicky stabiln\u00ed r\u016fst ceny zlata v dlouhodob\u00e9m horizontu. Fyzick\u00e9 zlato tak\u00e9 poskytuje investory s fyzick\u00fdm aktivem, kter\u00e9 mohou m\u00edt vlastn\u00ed v dr\u017een\u00ed.<\/p><\/div>\t\t\t\t\t<\/div>\n\t\t\t\t\t\t\t\t\t<\/div>\n\t\t\t<\/div>\n\t\t<\/div>\n\t\t\t\t\t\t<\/div>\n\t\t\t\t<\/div>\n\t\t\t\t\t<\/div>\n\t\t<\/div>\n\t\t\t\t\t<\/div>\n\t\t<\/section>\n\t\t\t\t<\/div>\n\t\t","protected":false},"excerpt":{"rendered":"<p>Nej\u010dast\u011bj\u0161\u00ed ot\u00e1zky a odpov\u011bdi Jak\u00fd je rozd\u00edl mezi investi\u010dn\u00edmi zlat\u00fdmi slitky a \u0161perkov\u00fdm zlatem? Investi\u010dn\u00ed zlat\u00e9 slitky jsou&hellip;<\/p>\n","protected":false},"author":1,"featured_media":0,"parent":0,"menu_order":0,"comment_status":"closed","ping_status":"closed","template":"elementor_theme","meta":{"_acf_changed":false,"footnotes":""},"class_list":["post-1789","page","type-page","status-publish","hentry"],"acf":[],"_links":{"self":[{"href":"https:\/\/zlataroudna.cz\/gold\/wp-json\/wp\/v2\/pages\/1789","targetHints":{"allow":["GET"]}}],"collection":[{"href":"https:\/\/zlataroudna.cz\/gold\/wp-json\/wp\/v2\/pages"}],"about":[{"href":"https:\/\/zlataroudna.cz\/gold\/wp-json\/wp\/v2\/types\/page"}],"author":[{"embeddable":true,"href":"https:\/\/zlataroudna.cz\/gold\/wp-json\/wp\/v2\/users\/1"}],"replies":[{"embeddable":true,"href":"https:\/\/zlataroudna.cz\/gold\/wp-json\/wp\/v2\/comments?post=1789"}],"version-history":[{"count":0,"href":"https:\/\/zlataroudna.cz\/gold\/wp-json\/wp\/v2\/pages\/1789\/revisions"}],"wp:attachment":[{"href":"https:\/\/zlataroudna.cz\/gold\/wp-json\/wp\/v2\/media?parent=1789"}],"curies":[{"name":"wp","href":"https:\/\/api.w.org\/{rel}","templated":true}]}}