{"id":3496,"date":"2021-08-25T05:45:22","date_gmt":"2021-08-25T03:45:22","guid":{"rendered":"https:\/\/www.zlataroudna.cz\/gold\/my-account\/"},"modified":"2024-05-05T13:22:15","modified_gmt":"2024-05-05T11:22:15","slug":"my-account","status":"publish","type":"page","link":"https:\/\/zlataroudna.cz\/gold\/my-account\/","title":{"rendered":"M\u016fj \u00fa\u010det"},"content":{"rendered":"<div class=\"woocommerce\"><\/div>\n","protected":false},"excerpt":{"rendered":"","protected":false},"author":1,"featured_media":0,"parent":0,"menu_order":0,"comment_status":"closed","ping_status":"closed","template":"","meta":{"_acf_changed":false,"footnotes":""},"class_list":["post-3496","page","type-page","status-publish","hentry"],"acf":[],"_links":{"self":[{"href":"https:\/\/zlataroudna.cz\/gold\/wp-json\/wp\/v2\/pages\/3496","targetHints":{"allow":["GET"]}}],"collection":[{"href":"https:\/\/zlataroudna.cz\/gold\/wp-json\/wp\/v2\/pages"}],"about":[{"href":"https:\/\/zlataroudna.cz\/gold\/wp-json\/wp\/v2\/types\/page"}],"author":[{"embeddable":true,"href":"https:\/\/zlataroudna.cz\/gold\/wp-json\/wp\/v2\/users\/1"}],"replies":[{"embeddable":true,"href":"https:\/\/zlataroudna.cz\/gold\/wp-json\/wp\/v2\/comments?post=3496"}],"version-history":[{"count":0,"href":"https:\/\/zlataroudna.cz\/gold\/wp-json\/wp\/v2\/pages\/3496\/revisions"}],"wp:attachment":[{"href":"https:\/\/zlataroudna.cz\/gold\/wp-json\/wp\/v2\/media?parent=3496"}],"curies":[{"name":"wp","href":"https:\/\/api.w.org\/{rel}","templated":true}]}}