{"id":5691,"date":"2024-04-24T08:17:22","date_gmt":"2024-04-24T06:17:22","guid":{"rendered":"https:\/\/www.zlataroudna.cz\/gold\/?page_id=5691"},"modified":"2024-05-05T13:05:23","modified_gmt":"2024-05-05T11:05:23","slug":"gdpr-ochrana-osobnich-udaju","status":"publish","type":"page","link":"https:\/\/zlataroudna.cz\/gold\/gdpr-ochrana-osobnich-udaju\/","title":{"rendered":"GDPR &#8211; ochrana osobn\u00edch \u00fadaj\u016f"},"content":{"rendered":"\n<h2 class=\"wp-block-heading\"><strong>Va\u0161e osobn\u00ed \u00fadaje&nbsp;<\/strong><strong>jsou v&nbsp;na\u0161em eshopu v&nbsp;bezpe\u010d\u00ed, skute\u010dn\u011b\u2026<\/strong><\/h2>\n\n\n\n<h3 class=\"wp-block-heading\">Pokud jste z\u00e1kazn\u00edkem, nebo \u201cjen\u201d n\u00e1v\u0161t\u011bvn\u00edkem e-shopu ZlataRoudna.cz, sv\u011b\u0159ujete t\u00edm sv\u00e9 osobn\u00ed \u00fadaje jej\u00edmu provozovateli. Dovolte mi proto v\u00e1s sezn\u00e1mit s t\u00edm, jak tyto \u00fadaje na na\u0161em e-shopu chr\u00e1n\u00edme v&nbsp;r\u00e1mci z\u00e1sad a pr\u00e1v, v&nbsp;souvislosti s&nbsp;GDPR (Na\u0159\u00edzen\u00edm o ochran\u011b osobn\u00edch \u00fadaj\u016f)<\/h3>\n\n\n\n<h2 class=\"wp-block-heading\">&nbsp;<\/h2>\n\n\n\n<h2 class=\"wp-block-heading\"><strong>Kdo je spr\u00e1vce?<\/strong><\/h2>\n\n\n\n<p>Jmenuji se&nbsp;Petra Praumov\u00e1 se s\u00eddlem Na Roudn\u00e9 401\/47, 301 00 Plze\u0148 1-Severn\u00ed P\u0159edm\u011bst\u00ed a jsem provozovatelem e-shopu&nbsp;<a href=\"http:\/\/veselestiti.cz\/\" target=\"_blank\" rel=\"noreferrer noopener\"><strong>ZlataRoudna.cz<\/strong><\/a><\/p>\n\n\n\n<p>V\u016f\u010di va\u0161im osobn\u00edm \u00fadaj\u016fm jsem v&nbsp;pozici spr\u00e1vce: ur\u010duji tedy, jak budou osobn\u00ed \u00fadaje zpracov\u00e1v\u00e1ny a za jak\u00fdm \u00fa\u010delem, po jak dlouhou dobu a vyb\u00edr\u00e1m p\u0159\u00edpadn\u00e9 dal\u0161\u00ed zpracovatele, kte\u0159\u00ed mi se zpracov\u00e1n\u00edm budou pom\u00e1hat.<\/p>\n\n\n\n<h2 class=\"wp-block-heading\"><strong>Jak m\u011b m\u016f\u017eete kontaktovat?<\/strong><\/h2>\n\n\n\n<p>Pokud budete m\u00edt jak\u00e9koliv ot\u00e1zky na pr\u016fb\u011bh zpracov\u00e1n\u00ed va\u0161ich osobn\u00edch \u00fadaj\u016f, m\u016f\u017eete se na m\u011b obr\u00e1tit na e-mailov\u00e9 adrese: info@zlataroudna.cz<\/p>\n\n\n\n<h2 class=\"wp-block-heading\"><strong>Jak\u00fd je rozsah osobn\u00edch \u00fadaj\u016f a \u00fa\u010del zpracov\u00e1n\u00ed?<\/strong><\/h2>\n\n\n\n<p>Zpracov\u00e1v\u00e1m pouze osobn\u00ed \u00fadaje, kter\u00e9 mi sv\u011b\u0159\u00edte sami, a to z&nbsp;n\u00e1sleduj\u00edc\u00edch d\u016fvod\u016f (pro napln\u011bn\u00ed t\u011bchto \u00fa\u010del\u016f):<\/p>\n\n\n\n<ol class=\"wp-block-list\">\n<li><strong>Prodej v\u00fdrobk\u016f, zak\u00e1zkov\u00e1 v\u00fdroba produkt\u016f, pln\u011bn\u00ed smlouvy \/&nbsp;<\/strong>Va\u0161i e-mailovou adresu nezbytn\u011b pot\u0159ebuji k&nbsp;zaji\u0161t\u011bn\u00ed komunikace p\u0159i prodeji nebo v\u00fdrob\u011b v\u00e1mi objednan\u00fdch \u010di popt\u00e1van\u00fdch v\u00fdrobk\u016f. Pokud chcete zaslat informa\u010dn\u00ed SMS, pot\u0159ebuji k&nbsp;tomu i va\u0161e tel. \u010d\u00edslo.<\/li>\n\n\n\n<li><strong>Veden\u00ed \u00fa\u010detnictv\u00ed \/&nbsp;<\/strong>Pokud si objedn\u00e1te produkt z&nbsp;na\u0161\u00ed nab\u00eddky, pot\u0159ebuji va\u0161e osobn\u00ed \u00fadaje (faktura\u010dn\u00ed \u00fadaje), abych vyhov\u011bl z\u00e1konn\u00e9 povinnosti pro vystavov\u00e1n\u00ed a evidenci da\u0148ov\u00fdch doklad\u016f.<\/li>\n\n\n\n<li><strong>Marketing \u2013 zas\u00edl\u00e1n\u00ed newsletter\u016f \/&nbsp;<\/strong>Va\u0161e osobn\u00ed \u00fadaje (e-mail a jm\u00e9no), pohlav\u00ed, na co klik\u00e1te v&nbsp;e-mailu a kdy je nej\u010dast\u011bji otev\u00edr\u00e1te vyu\u017e\u00edv\u00e1me za \u00fa\u010delem p\u0159\u00edm\u00e9ho marketingu. Jedn\u00e1 se tedy o zas\u00edl\u00e1n\u00ed obchodn\u00edch sd\u011blen\u00ed.&nbsp;<em><strong>Pokud jste z\u00edskali m\u016fj e-book \u010di jinou v\u00fdhodu zdarma<\/strong><\/em>, vn\u00edm\u00e1m jako sv\u016fj opr\u00e1vn\u011bn\u00fd z\u00e1jem v\u00e1m pos\u00edlat newslettery s&nbsp;t\u00e9matikou v\u011bnuj\u00edc\u00ed se v\u00fdrob\u011b a distribuci ru\u010dn\u011b vyroben\u00fdch produkt\u016f. Budu to d\u011blat po dobu maxim\u00e1ln\u011b 1 roku od z\u00edsk\u00e1n\u00ed va\u0161\u00ed v\u00fdhody, av\u0161ak m\u016f\u017eete se kdykoliv ze zas\u00edl\u00e1n\u00ed newsletter\u016f&nbsp;<strong>odhl\u00e1sit v&nbsp;ka\u017ed\u00e9m obdr\u017een\u00e9m e-mailu<\/strong>. Nebudeme se na v\u00e1s zlobit. Je to va\u0161e pr\u00e1vo.<\/li>\n\n\n\n<li><strong>Pokro\u010dil\u00fd marketing na z\u00e1klad\u011b souhlasu \/<\/strong>&nbsp;Pouze na z\u00e1klad\u011b va\u0161eho souhlasu v\u00e1m mohu zas\u00edlat tak\u00e9 inspiruj\u00edc\u00ed nab\u00eddky t\u0159et\u00edch osob nebo vyu\u017e\u00edt e-mailovou adresu nap\u0159. pro remarketing a c\u00edlen\u00ed reklamy na Facebooku, a to po dobu maxim\u00e1ln\u011b 1 roku od ud\u011blen\u00ed souhlasu. Ten lze samoz\u0159ejm\u011b tak\u00e9 kdykoli odvolat prost\u0159ednictv\u00edm na\u0161ich kontaktn\u00edch \u00fadaj\u016f. Va\u0161e osobn\u00ed \u00fadaje si ponech\u00e1v\u00e1me po dobu b\u011bhu proml\u010dec\u00edch lh\u016ft, pokud z\u00e1kon nestanov\u00ed del\u0161\u00ed dobu k&nbsp;jejich uchov\u00e1n\u00ed nebo jsme v&nbsp;konkr\u00e9tn\u00edch p\u0159\u00edpadech neuvedli jinak.&nbsp;<\/li>\n\n\n\n<li><strong>P\u0159ed\u00e1v\u00e1n\u00ed osobn\u00edch \u00fadaj\u016f 3.&nbsp;stran\u00e1m \/&nbsp;<\/strong>K va\u0161im osobn\u00edm \u00fadaj\u016fm maj\u00ed p\u0159\u00edstup pouze spolupracovn\u00edci m\u00e9ho projektu Zlat\u00e1 Roudn\u00e1, s.r.o. kte\u0159\u00ed jsou v\u00e1z\u00e1ni ml\u010denlivost\u00ed a pro\u0161koleni v&nbsp;oblasti bezpe\u010dnosti zpracov\u00e1n\u00ed osobn\u00edch \u00fadaj\u016f.&nbsp;V\u011bt\u0161inu zpracovatelsk\u00fdch operac\u00ed zvl\u00e1d\u00e1me sami a nepot\u0159ebujeme k&nbsp;nim 3.&nbsp;strany.&nbsp;Pro zaji\u0161t\u011bn\u00ed n\u011bkter\u00fdch konkr\u00e9tn\u00edch zpracovatelsk\u00fdch operac\u00ed, kter\u00e9 nedok\u00e1\u017eeme zajistit vlastn\u00edmi silami, vyu\u017e\u00edv\u00e1me slu\u017eeb a aplikac\u00ed zpracovatel\u016f, kte\u0159\u00ed se na dan\u00e9 zpracov\u00e1n\u00ed specializuj\u00ed a jsou v&nbsp;souladu s&nbsp;GDPR.<\/li>\n<\/ol>\n\n\n\n<h2 class=\"wp-block-heading\"><strong>Jsou to poskytovatel\u00e9 n\u00e1sleduj\u00edc\u00edch platforem a slu\u017eeb:<\/strong><\/h2>\n\n\n\n<ul class=\"wp-block-list\">\n<li>Facebook \u2013 FB pixel,<\/li>\n\n\n\n<li>Google \u2013 Google Analytics,<\/li>\n\n\n\n<li>SmartSelling a.s., \u2013 emailmarketing.cz<\/li>\n\n\n\n<li>Heureka Shopping s.r.o., \u2013 poskytovatel slu\u017eby dotazn\u00edk\u016f z\u00e1kaznick\u00e9 spokojenosti<\/li>\n<\/ul>\n\n\n\n<p>Je mo\u017en\u00e9, \u017ee se v&nbsp;budoucnu rozhodnu vyu\u017e\u00edt dal\u0161\u00ed aplikace \u010di zpracovatele, pro usnadn\u011bn\u00ed a zkvalitn\u011bn\u00ed zpracov\u00e1n\u00ed. Slibuji v\u00e1m v\u0161ak, \u017ee v&nbsp;takov\u00e9m p\u0159\u00edpad\u011b budu na zpracovatele kl\u00e1st p\u0159i v\u00fdb\u011bru minim\u00e1ln\u011b stejn\u00e9 n\u00e1roky na zabezpe\u010den\u00ed a kvalitu zpracov\u00e1n\u00ed jako na sebe.<\/p>\n\n\n\n<h2 class=\"wp-block-heading\"><strong>Shrnit\u00ed pou\u017eit\u00ed soubor\u016f Cookies<\/strong><\/h2>\n\n\n\n<p>P\u0159i proch\u00e1zen\u00ed na\u0161ich webov\u00fdch str\u00e1nek zaznamen\u00e1v\u00e1m va\u0161i IP adresu, jak dlouho se na str\u00e1nce zdr\u017e\u00edte, ze kter\u00e9 str\u00e1nky p\u0159ich\u00e1z\u00edte a p\u0159ich\u00e1z\u00edte-li d\u00edky n\u011bkter\u00e9mu z&nbsp;na\u0161ich affiliate partner\u016f. Pou\u017e\u00edv\u00e1n\u00ed cookies pro m\u011b\u0159en\u00ed n\u00e1v\u0161t\u011bvnosti webu, affilaite a p\u0159izp\u016fsoben\u00ed zobrazen\u00ed webov\u00fdch str\u00e1nek vn\u00edm\u00e1m jako sv\u016fj opr\u00e1vn\u011bn\u00fd z\u00e1jem spr\u00e1vce, nebo\u0165 v\u011b\u0159\u00edm, \u017ee d\u00edky tomu v\u00e1m mohu nab\u00eddnout je\u0161t\u011b lep\u0161\u00ed slu\u017eby.<\/p>\n\n\n\n<p>Cookies pro c\u00edlen\u00ed reklamy budou zpracov\u00e1v\u00e1ny jen na z\u00e1klad\u011b va\u0161eho souhlasu.<\/p>\n\n\n\n<p>Na\u0161e webov\u00e9 str\u00e1nky lze proch\u00e1zet tak\u00e9 v&nbsp;re\u017eimu, kter\u00fd neumo\u017e\u0148uje sb\u00edr\u00e1n\u00ed osobn\u00edch \u00fadaj\u016f. Pou\u017e\u00edv\u00e1n\u00ed cookies m\u016f\u017eete na sv\u00e9m po\u010d\u00edta\u010di zak\u00e1zat.<\/p>\n\n\n\n<p>V\u00edce informac\u00ed o vyu\u017eit\u00ed Cookies\u00a0<strong><a href=\"https:\/\/zlataroudna.cz\/zasady-cookies-eu\/\">nalznete <\/a><a href=\"https:\/\/veselesiti.cz\/?s=cookies\" target=\"_blank\" rel=\"noopener\">zde<\/a>.<\/strong><\/p>\n\n\n\n<h2 class=\"wp-block-heading\">Koho vyu\u017e\u00edv\u00e1m pro zpracov\u00e1n\u00ed?<\/h2>\n\n\n\n<p><strong>Slu\u017eby Google Analytics<\/strong>, provozovan\u00e9 spole\u010dnost\u00ed Google Inc., s\u00eddlem 1600 Amphitheatre Parkway, Mountain View, CA 94043, USA. Sesb\u00edran\u00e9 cookies soubory jsou n\u00e1sledn\u011b spole\u010dnost\u00ed Google Inc. v&nbsp;souladu se Z\u00e1sadami ochrany soukrom\u00ed, dostupn\u00fdmi na&nbsp;<a href=\"https:\/\/www.google.com\/intl\/cs\/policies\/privacy\/#nosharing\" target=\"_blank\" rel=\"noreferrer noopener\">https:\/\/www.google.com\/intl\/cs\/policies\/privacy\/#nosharing<\/a><\/p>\n\n\n\n<p><strong>Slu\u017eby Facebook Pixe<\/strong><strong>l<\/strong>, provozovan\u00e9 spole\u010dnost\u00ed Facebook Inc., s\u00eddlem 1601 Willow Road, Menlo Park, CA 94025, USA. Sesb\u00edran\u00e9 cookies soubory jsou n\u00e1sledn\u011b spole\u010dnost\u00ed Facebook Inc. v&nbsp;souladu se Z\u00e1sadami ochrany soukrom\u00ed, dostupn\u00fdmi na&nbsp;<a href=\"https:\/\/www.facebook.com\/full_data_use_policy\" target=\"_blank\" rel=\"noreferrer noopener\">https:\/\/www.facebook.com\/full_data_use_policy<\/a><\/p>\n\n\n\n<p><strong>Slu\u017eby Sklik<\/strong>, provozovan\u00e9 spole\u010dnost\u00ed Seznam a.s., s\u00eddlem Radlick\u00e1 3294\/10, 150 00, Praha 5, \u010cR. Sesb\u00edran\u00e9 cookies soubory jsou n\u00e1sledn\u011b spole\u010dnost\u00ed Seznam.cz, a.s. v&nbsp;souladu se Z\u00e1sadami ochrany soukrom\u00ed, dostupn\u00fdmi na&nbsp;<a href=\"https:\/\/napoveda.seznam.cz\/cz\/firmy\/o-nas\/souhlas-se-zpracovanim-osobnich-udaju-firmy-cz\/\" target=\"_blank\" rel=\"noreferrer noopener\">https:\/\/napoveda.seznam.cz\/cz\/firmy\/o-nas\/souhlas-se-zpracovanim-osobnich-udaju-firmy-cz\/<\/a><\/p>\n\n\n\n<h2 class=\"wp-block-heading\"><strong>Jak\u00e9 pou\u017e\u00edv\u00e1m zabezpe\u010den\u00ed a ochrana osobn\u00edch \u00fadaj\u016f?<\/strong><\/h2>\n\n\n\n<p>Chr\u00e1n\u00edm osobn\u00ed \u00fadaje v&nbsp;maxim\u00e1ln\u00ed mo\u017en\u00e9 m\u00ed\u0159e pomoc\u00ed modern\u00edch technologi\u00ed, kter\u00e9 odpov\u00eddaj\u00ed stupni technick\u00e9ho rozvoje. Chr\u00e1n\u00edm je jako kdyby byli m\u00e9 vlastn\u00ed. P\u0159ijal jsem ve\u0161ker\u00e1 mo\u017en\u00e1 (aktu\u00e1ln\u011b zn\u00e1m\u00e1) technick\u00e1 a organiza\u010dn\u00ed opat\u0159en\u00ed, kter\u00e1 zamezuj\u00ed zneu\u017eit\u00ed, po\u0161kozen\u00ed nebo zni\u010den\u00ed va\u0161ich osobn\u00edch \u00fadaj\u016f.<\/p>\n\n\n\n<h2 class=\"wp-block-heading\"><strong>P\u0159ed\u00e1v\u00e1m va\u0161e osobn\u00ed data v mimo EU?<\/strong><\/h2>\n\n\n\n<p>Data zpracov\u00e1v\u00e1m v\u00fdhradn\u011b v&nbsp;Evropsk\u00e9 unii nebo v&nbsp;zem\u00edch, kter\u00e9 zaji\u0161\u0165uj\u00ed odpov\u00eddaj\u00edc\u00ed \u00farove\u0148 ochrany na z\u00e1klad\u011b rozhodnut\u00ed Evropsk\u00e9 komise.<\/p>\n\n\n\n<h2 class=\"wp-block-heading\"><strong>Jak\u00e1 jsou va\u0161e pr\u00e1va v&nbsp;souvislosti ochranou osobn\u00edch \u00fadaj\u016f?<\/strong><\/h2>\n\n\n\n<p>V souvislosti s&nbsp;ochranou osobn\u00edch \u00fadaj\u016f m\u00e1te \u0159adu pr\u00e1v. Pokud budete cht\u00edt n\u011bkter\u00e9ho z&nbsp;t\u011bchto pr\u00e1v vyu\u017e\u00edt, pros\u00edm, kontaktujte n\u00e1s prost\u0159ednictv\u00edm e-mailu: <strong>info@zlataroudna.cz<\/strong><\/p>\n\n\n\n<p><strong>M\u00e1te pr\u00e1vo na informace<\/strong>, kter\u00e9 je pln\u011bno ji\u017e touto informa\u010dn\u00ed str\u00e1nku se z\u00e1sadami zpracov\u00e1n\u00ed osobn\u00edch \u00fadaj\u016f. D\u00edky pr\u00e1vu na p\u0159\u00edstup m\u011b m\u016f\u017eete kdykoli vyzvat a j\u00e1 v\u00e1m r\u00e1d dolo\u017e\u00edm ve lh\u016ft\u011b 30 dn\u00ed, kter\u00e9 va\u0161e osobn\u00ed \u00fadaje zpracov\u00e1v\u00e1m a pro\u010d. Pokud se u v\u00e1s n\u011bco zm\u011bn\u00ed nebo shled\u00e1te sv\u00e9 osobn\u00ed \u00fadaje neaktu\u00e1ln\u00ed nebo ne\u00fapln\u00e9,&nbsp;<strong>m\u00e1te pr\u00e1vo na dopln\u011bn\u00ed a zm\u011bnu t\u011bchto&nbsp;<\/strong>osobn\u00edch \u00fadaj\u016f.<\/p>\n\n\n\n<p><strong>Pr\u00e1vo na omezen\u00ed zpracov\u00e1n\u00ed<\/strong>&nbsp;m\u016f\u017eete vyu\u017e\u00edt, pokud se domn\u00edv\u00e1te, \u017ee zpracov\u00e1v\u00e1m va\u0161e nep\u0159esn\u00e9 \u00fadaje, domn\u00edv\u00e1te se, \u017ee prov\u00e1d\u00edm zpracov\u00e1n\u00ed nez\u00e1konn\u011b, ale nechcete v\u0161echny \u00fadaje smazat nebo pokud vznesete n\u00e1mitku proti zpracov\u00e1n\u00ed.&nbsp;Omezit m\u016f\u017eete rozsah osobn\u00edch \u00fadaj\u016f nebo \u00fa\u010del\u016f zpracov\u00e1n\u00ed. (Nap\u0159. odhl\u00e1\u0161en\u00edm z&nbsp;newsletteru omezujete \u00fa\u010del zpracov\u00e1n\u00ed pro zas\u00edl\u00e1n\u00ed obchodn\u00edch sd\u011blen\u00ed.)<\/p>\n\n\n\n<p><strong>Pr\u00e1vo na p\u0159enositelnost<\/strong><br>Pokud byste cht\u011bli sv\u00e9 osobn\u00ed \u00fadaje vz\u00edt a p\u0159en\u00e9st k&nbsp;n\u011bkomu jin\u00e9mu, budu postupovat stejn\u011b jako p\u0159i vyu\u017eit\u00ed pr\u00e1va na p\u0159\u00edstup, jen s&nbsp;t\u00edm rozd\u00edlem, \u017ee v\u00e1m informace dod\u00e1m ve strojov\u011b \u010diteln\u00e9 podob\u011b s&nbsp;lh\u016ftou minim\u00e1ln\u011b 30&nbsp;dn\u00ed.<\/p>\n\n\n\n<p><strong>Pr\u00e1vo na v\u00fdmaz (b\u00fdt zapomenut)<\/strong><br>Va\u0161\u00edm dal\u0161\u00edm pr\u00e1vem je pr\u00e1vo na v\u00fdmaz (b\u00fdt zapomenut). Nechci na v\u00e1s zapomenout, ale pokud si to budete p\u0159\u00e1t, m\u00e1te na to pr\u00e1vo. V&nbsp;takov\u00e9m p\u0159\u00edpad\u011b vyma\u017eu ve\u0161ker\u00e9 va\u0161e osobn\u00ed \u00fadaje ze syst\u00e9mu i ze syst\u00e9mu v\u0161ech d\u00edl\u010d\u00edch zpracovatel\u016f a z\u00e1loh. Na zaji\u0161t\u011bn\u00ed pr\u00e1va na v\u00fdmaz pot\u0159ebuji 30&nbsp;dn\u00ed. V n\u011bkter\u00fdch p\u0159\u00edpadech jsem v\u00e1z\u00e1n z\u00e1konnou povinnost\u00ed, a nap\u0159. mus\u00edm evidovat vystaven\u00e9 da\u0148ov\u00e9 doklady po lh\u016ftu stanovenou z\u00e1konem. V&nbsp;tomto p\u0159\u00edpad\u011b tedy sma\u017eu v\u0161echny takov\u00e9 osobn\u00ed \u00fadaje, kter\u00e9 nejsou v\u00e1z\u00e1ny jin\u00fdm z\u00e1konem. O dokon\u010den\u00ed v\u00fdmazu v\u00e1s budu informovat na v\u00e1\u0161 zvolen\u00fd kontaktn\u00ed e-mail.<\/p>\n\n\n\n<p><strong>St\u00ed\u017enost u \u00da\u0159adu na ochranu osobn\u00edch \u00fadaj\u016f<\/strong><br>Pokud m\u00e1te pocit, \u017ee s&nbsp;va\u0161imi \u00fadaji nezach\u00e1z\u00edm v&nbsp;souladu se z\u00e1konem, m\u00e1te pr\u00e1vo se se svou st\u00ed\u017enost\u00ed kdykoli obr\u00e1tit na \u00da\u0159ad pro ochranu osobn\u00edch \u00fadaj\u016f. Av\u0161ak uv\u00edt\u00e1m, pokud nejprve budete o tomto podez\u0159en\u00ed informovat mne, abychom s&nbsp;t\u00edm mohli n\u011bco ud\u011blat a p\u0159\u00edpadn\u00e9 pochyben\u00ed napravit.<\/p>\n\n\n\n<p><strong>Odhl\u00e1\u0161en\u00ed ze zas\u00edl\u00e1n\u00ed newsletter\u016f a obchodn\u00edch sd\u011blen\u00ed<\/strong><br>E-maily s&nbsp;inspirac\u00ed, \u010dl\u00e1nky \u010di produkty a slu\u017ebami v\u00e1m zas\u00edl\u00e1m, jste-li n\u00e1\u0161 z\u00e1kazn\u00edk na z\u00e1klad\u011b na\u0161eho opr\u00e1vn\u011bn\u00e9ho z\u00e1jmu. Odhl\u00e1sit se m\u016f\u017eete prost\u0159ednictv\u00edm odhla\u0161ovac\u00edho odkazu, kter\u00fd naleznete v&nbsp;pati\u010dce ka\u017ed\u00e9ho odeslan\u00e9ho e-mailu.&nbsp;<\/p>\n\n\n\n<h2 class=\"wp-block-heading\"><strong>Ml\u010denlivost\u2026 Pssssss!<\/strong><\/h2>\n\n\n\n<p>Dovoluji si v\u00e1s ujistit, \u017ee j\u00e1 i v\u0161ichni spolupracovn\u00edci, kte\u0159\u00ed budou zpracov\u00e1vat va\u0161e osobn\u00ed \u00fadaje, jsou povinni zachov\u00e1vat ml\u010denlivost o osobn\u00edch \u00fadaj\u00edch a o bezpe\u010dnostn\u00edch opat\u0159en\u00edch, jejich\u017e zve\u0159ejn\u011bn\u00ed by ohrozilo zabezpe\u010den\u00ed va\u0161ich osobn\u00edch \u00fadaj\u016f.&nbsp;<strong>Bez va\u0161eho souhlasu nebudou va\u0161e osobn\u00ed \u00fadaje vyd\u00e1ny \u017e\u00e1dn\u00e9 jin\u00e9 t\u0159et\u00ed stran\u011b. A to ani n\u00e1hodou<\/strong><\/p>\n\n\n\n<p>V &nbsp;Plzni dne 1.4.2024<\/p>\n","protected":false},"excerpt":{"rendered":"<p>Va\u0161e osobn\u00ed \u00fadaje&nbsp;jsou v&nbsp;na\u0161em eshopu v&nbsp;bezpe\u010d\u00ed, skute\u010dn\u011b\u2026 Pokud jste z\u00e1kazn\u00edkem, nebo \u201cjen\u201d n\u00e1v\u0161t\u011bvn\u00edkem e-shopu ZlataRoudna.cz, sv\u011b\u0159ujete t\u00edm sv\u00e9&hellip;<\/p>\n","protected":false},"author":1,"featured_media":0,"parent":0,"menu_order":0,"comment_status":"closed","ping_status":"closed","template":"","meta":{"_acf_changed":false,"footnotes":""},"class_list":["post-5691","page","type-page","status-publish","hentry"],"acf":[],"_links":{"self":[{"href":"https:\/\/zlataroudna.cz\/gold\/wp-json\/wp\/v2\/pages\/5691","targetHints":{"allow":["GET"]}}],"collection":[{"href":"https:\/\/zlataroudna.cz\/gold\/wp-json\/wp\/v2\/pages"}],"about":[{"href":"https:\/\/zlataroudna.cz\/gold\/wp-json\/wp\/v2\/types\/page"}],"author":[{"embeddable":true,"href":"https:\/\/zlataroudna.cz\/gold\/wp-json\/wp\/v2\/users\/1"}],"replies":[{"embeddable":true,"href":"https:\/\/zlataroudna.cz\/gold\/wp-json\/wp\/v2\/comments?post=5691"}],"version-history":[{"count":0,"href":"https:\/\/zlataroudna.cz\/gold\/wp-json\/wp\/v2\/pages\/5691\/revisions"}],"wp:attachment":[{"href":"https:\/\/zlataroudna.cz\/gold\/wp-json\/wp\/v2\/media?parent=5691"}],"curies":[{"name":"wp","href":"https:\/\/api.w.org\/{rel}","templated":true}]}}