{"id":4022,"date":"2024-03-25T12:30:43","date_gmt":"2024-03-25T11:30:43","guid":{"rendered":"https:\/\/www.zlataroudna.cz\/gold\/shop\/5g-investicni-zlaty-slitek-argor-heraeus-sa-svycarsko\/"},"modified":"2026-05-07T20:02:07","modified_gmt":"2026-05-07T18:02:07","slug":"5g-investicni-zlaty-slitek-argor-heraeus-sa-svycarsko","status":"publish","type":"product","link":"https:\/\/zlataroudna.cz\/gold\/shop\/5g-investicni-zlaty-slitek-argor-heraeus-sa-svycarsko\/","title":{"rendered":"5 g | Investi\u010dn\u00ed zlat\u00fd slitek | Argor Heraeus | \u0160v\u00fdcarsko"},"content":{"rendered":"<h3>5g | Investi\u010dn\u00ed zlat\u00fd slitek | Argor Heraeus | \u0160v\u00fdcarsko<\/h3>\n<p>\u0160v\u00fdcarsk\u00e9 zlat\u00e9 slitky z 24 kar\u00e1tov\u00e9ho zlata, certifikovan\u00e9 \u0161v\u00fdcarskou firmou\u00a0<a href=\"http:\/\/www.argor.com\/\" target=\"_blank\" rel=\"noopener\"><strong>Argor-Heraeus SA<\/strong><\/a>, odpov\u00eddaj\u00ed lond\u00fdnsk\u00e9mu standardu\u00a0<a href=\"http:\/\/www.lbma.org.uk\/good-delivery\" target=\"_blank\" rel=\"noopener\"><strong>Good Delivery (LBMA)<\/strong><\/a> a jsou proto bez probl\u00e9m\u016f akceptov\u00e1ny na v\u0161ech trz\u00edch. Doklad o certifikaci naleznete na svrchn\u00ed stran\u011b slitku s logem v\u00fdrobce i distributora, d\u00e1le pak unik\u00e1tn\u00ed v\u00fdrobn\u00ed \u010d\u00edslo s ryzost\u00ed kovu a hmotnost\u00ed.<\/p>\n<h3>\u0160v\u00fdcarsk\u00e1 spole\u010dnost Argor Heraeus jako z\u00e1ruka kvality<\/h3>\n<p>V\u011bhlasn\u00e1 \u0161v\u00fdcarsk\u00e1 spole\u010dnost se skv\u011blou reputac\u00ed <strong><a href=\"http:\/\/www.argor.com\/\" target=\"_blank\" rel=\"noopener\">Argor-Heraeus<\/a>,<\/strong> kter\u00e1 s\u00eddl\u00ed ve \u0161v\u00fdcarsk\u00e9m m\u011bst\u011b Mendrisio, pat\u0159\u00ed mezi nejv\u011bt\u0161\u00ed v\u00fdrobce a zpracovatele drah\u00fdch a investi\u010dn\u00edch kov\u016f na sv\u011bt\u011b. Jejich investi\u010dn\u00ed zlat\u00e9 slitky Argor-Heraeus pat\u0159\u00ed v \u010cesk\u00e9 republice bezpochyby mezi ty nejprod\u00e1van\u011bj\u0161\u00ed. Tento v\u00fdrobce nab\u00edz\u00ed nejen investi\u010dn\u00ed zlato, kter\u00e9 nach\u00e1z\u00edte v na\u0161\u00ed nab\u00eddce Zlatnick\u00e9ho domu Roudn\u00e1, ale tak\u00e9 i investi\u010dn\u00ed st\u0159\u00edbro, investi\u010dn\u00ed platinu a investi\u010dn\u00ed paladium t\u00e9 nejvy\u0161\u0161\u00ed kvalit\u011b a \u010distot\u011b. Jedn\u00e1 se o produkty nejvy\u0161\u0161\u00ed ryzosti.<\/p>\n<p>Investo\u0159i nej\u010dast\u011bji vol\u00ed k n\u00e1kupu zlat\u00e9 cihly od 1 unce (31.1g), proto\u017ee investi\u010dn\u00ed zlat\u00e9 slitky ni\u017e\u0161\u00ed hmotnosti maj\u00ed vy\u0161\u0161\u00ed v\u00fdrobn\u00ed n\u00e1klady v p\u0159epo\u010dtu na jeden gram ryz\u00edho materi\u00e1lu.<\/p>\n<p><!--themify_builder_static--><\/p>\n<p>&nbsp;<\/p>\n<p><!--\/themify_builder_static--><\/p>\n","protected":false},"excerpt":{"rendered":"<p><strong>Zlat\u00fd investi\u010dn\u00ed slitek \u0161v\u00fdcarsk\u00e9ho v\u00fdrobce Argor Heraeus 5 gram\u016f<\/strong><\/p>\n<p><strong>Velikost<\/strong>: 23 x 14 x 1 mm<br \/>\n<strong>Materi\u00e1l<\/strong>: AU 999,9\/1000<br \/>\n<strong>V\u00e1ha<\/strong>: 5,00 gram\u016f<br \/>\n<strong>Zem\u011b p\u016fvodu:<\/strong> \u0160v\u00fdcarsko<br \/>\n<strong>Rafin\u00e9r<\/strong>: Argor Heraeus SA<\/p>\n<p><strong>Certifikace:<\/strong>\u00a0Ka\u017ed\u00fd slitek je opat\u0159en certifik\u00e1tem pravosti a unik\u00e1tn\u00edm s\u00e9riov\u00fdm \u010d\u00edslem.<\/p>\n<p>&nbsp;<\/p>\n","protected":false},"featured_media":4023,"template":"","meta":{"_acf_changed":false},"product_cat":[65,176,15],"product_tag":[180,179,131],"class_list":{"0":"post-4022","1":"product","2":"type-product","3":"status-publish","4":"has-post-thumbnail","6":"product_cat-5-gramu","7":"product_cat-argor-hereaus","8":"product_cat-zlate-slitky","9":"product_tag-5-gramu","10":"product_tag-argor-heraeus","11":"product_tag-zlaty-slitek","12":"pa_brand-argor","13":"pa_size-5-gramu","15":"first","16":"instock","17":"featured","18":"purchasable","19":"product-type-simple"},"acf":[],"_links":{"self":[{"href":"https:\/\/zlataroudna.cz\/gold\/wp-json\/wp\/v2\/product\/4022","targetHints":{"allow":["GET"]}}],"collection":[{"href":"https:\/\/zlataroudna.cz\/gold\/wp-json\/wp\/v2\/product"}],"about":[{"href":"https:\/\/zlataroudna.cz\/gold\/wp-json\/wp\/v2\/types\/product"}],"version-history":[{"count":3,"href":"https:\/\/zlataroudna.cz\/gold\/wp-json\/wp\/v2\/product\/4022\/revisions"}],"predecessor-version":[{"id":6910,"href":"https:\/\/zlataroudna.cz\/gold\/wp-json\/wp\/v2\/product\/4022\/revisions\/6910"}],"wp:featuredmedia":[{"embeddable":true,"href":"https:\/\/zlataroudna.cz\/gold\/wp-json\/wp\/v2\/media\/4023"}],"wp:attachment":[{"href":"https:\/\/zlataroudna.cz\/gold\/wp-json\/wp\/v2\/media?parent=4022"}],"wp:term":[{"taxonomy":"product_cat","embeddable":true,"href":"https:\/\/zlataroudna.cz\/gold\/wp-json\/wp\/v2\/product_cat?post=4022"},{"taxonomy":"product_tag","embeddable":true,"href":"https:\/\/zlataroudna.cz\/gold\/wp-json\/wp\/v2\/product_tag?post=4022"}],"curies":[{"name":"wp","href":"https:\/\/api.w.org\/{rel}","templated":true}]}}