{"id":4031,"date":"2024-03-25T11:55:04","date_gmt":"2024-03-25T10:55:04","guid":{"rendered":"https:\/\/www.zlataroudna.cz\/gold\/shop\/50g-investicni-zlaty-slitek-argor-heraeus-svycarsko\/"},"modified":"2026-04-19T01:30:39","modified_gmt":"2026-04-18T23:30:39","slug":"50g-investicni-zlaty-slitek-argor-heraeus-svycarsko","status":"publish","type":"product","link":"https:\/\/zlataroudna.cz\/gold\/shop\/50g-investicni-zlaty-slitek-argor-heraeus-svycarsko\/","title":{"rendered":"50 g | Investi\u010dn\u00ed zlat\u00fd slitek | Argor Heraeus | \u0160v\u00fdcarsko"},"content":{"rendered":"<h3>50g | Investi\u010dn\u00ed zlat\u00fd slitek | Argor Heraeus | \u0160v\u00fdcarsko<\/h3>\n<p>\u0160v\u00fdcarsk\u00e9 zlat\u00e9 slitky z 24 kar\u00e1tov\u00e9ho zlata, certifikovan\u00e9 \u0161v\u00fdcarskou firmou\u00a0<a href=\"http:\/\/www.argor.com\/\" target=\"_blank\" rel=\"noopener\"><strong>Argor Heraeus<\/strong><\/a>, odpov\u00eddaj\u00ed lond\u00fdnsk\u00e9mu standardu\u00a0<a href=\"http:\/\/www.lbma.org.uk\/good-delivery\" target=\"_blank\" rel=\"noopener\"><strong>Good Delivery (LBMA)<\/strong><\/a>\u00a0a jsou proto bez probl\u00e9m\u016f akceptov\u00e1ny na v\u0161ech trz\u00edch. Doklad o certifikaci naleznete na svrchn\u00ed stran\u011b slitku s logem v\u00fdrobce i distributora, d\u00e1le pak unik\u00e1tn\u00ed v\u00fdrobn\u00ed \u010d\u00edslo s ryzost\u00ed kovu a hmotnost\u00ed.<\/p>\n<h3>\u0160v\u00fdcarsk\u00e1 spole\u010dnost Argor Heraeus jako z\u00e1ruka kvality\u2026<\/h3>\n<p>V\u011bhlasn\u00e1 \u0161v\u00fdcarsk\u00e1 spole\u010dnost se skv\u011blou reputac\u00ed\u00a0<strong><a href=\"http:\/\/www.argor.com\/\" target=\"_blank\" rel=\"noopener\">Argor Heraeus<\/a>,<\/strong>\u00a0kter\u00e1 s\u00eddl\u00ed ve \u0161v\u00fdcarsk\u00e9m m\u011bst\u011b Mendrisio, pat\u0159\u00ed mezi nejv\u011bt\u0161\u00ed v\u00fdrobce a zpracovatele drah\u00fdch a investi\u010dn\u00edch kov\u016f na sv\u011bt\u011b. Jejich investi\u010dn\u00ed zlat\u00e9 slitky Argor Heraeus pat\u0159\u00ed v \u010cesk\u00e9 republice bezpochyby mezi ty nejprod\u00e1van\u011bj\u0161\u00ed. Ro\u010dn\u011b zpracuje a\u017e 400 tun zlata. V\u00fdrobce nab\u00edz\u00ed nejen investi\u010dn\u00ed zlato, kter\u00e9 nach\u00e1z\u00edte v na\u0161\u00ed nab\u00eddce Zlatnick\u00e9ho domu Roudn\u00e1, ale tak\u00e9 i investi\u010dn\u00ed st\u0159\u00edbro, investi\u010dn\u00ed platinu a investi\u010dn\u00ed paladium t\u00e9 nejvy\u0161\u0161\u00ed kvalit\u011b a \u010distot\u011b. Jedn\u00e1 se o produkty nejvy\u0161\u0161\u00ed ryzosti.<\/p>\n<p>Argor Heraeus produkuje zejm\u00e9na ra\u017een\u00e9 slitky z drah\u00fdch kov\u016f hmotnostech 1 g, 2 g, 5g, 10 g, 20 g a 1 oz (31,1 g), 50 g, 100 g a odl\u00e9van\u00e9 cihly o hmotnostech 250 g, 500 g a 1000 g. Zlat\u00e9 cihly Argor Heraeus maj\u00ed ryzost 999,9\/1000 (ryz\u00ed 24kar\u00e1tov\u00e9 zlato).<\/p>\n<p>Investo\u0159i nej\u010dast\u011bji vol\u00ed k n\u00e1kupu zlat\u00e9 cihly od 1 unce (31.1g), proto\u017ee investi\u010dn\u00ed zlat\u00e9 slitky ni\u017e\u0161\u00ed hmotnosti maj\u00ed vy\u0161\u0161\u00ed v\u00fdrobn\u00ed n\u00e1klady v p\u0159epo\u010dtu na jeden gram ryz\u00edho materi\u00e1lu.<\/p>\n<p><!--themify_builder_static--><\/p>\n<p>&nbsp;<\/p>\n<p><!--\/themify_builder_static--><\/p>\n","protected":false},"excerpt":{"rendered":"<p><strong>Zlat\u00fd investi\u010dn\u00ed slitek \u0161v\u00fdcarsk\u00e9ho v\u00fdrobce Argor Heraeus o v\u00e1ze 50 gram\u016f<\/strong><\/p>\n<p><strong>Velikost<\/strong>: 49,70 x 28,50 x 2,00 mm<br \/>\n<strong>Materi\u00e1l<\/strong>: AU 999,9\/1000<br \/>\n<strong>V\u00e1ha<\/strong>: 50,00 gram\u016f<br \/>\n<strong>Zem\u011b p\u016fvodu:<\/strong> \u0160v\u00fdcarsko<br \/>\n<strong>Rafin\u00e9r<\/strong>: Argor Heraeus SA<\/p>\n<p>&nbsp;<\/p>\n","protected":false},"featured_media":4032,"template":"","meta":{"_acf_changed":false},"product_cat":[102,176,15],"product_tag":[182,131],"class_list":{"0":"post-4031","1":"product","2":"type-product","3":"status-publish","4":"has-post-thumbnail","6":"product_cat-50-gramu","7":"product_cat-argor-hereaus","8":"product_cat-zlate-slitky","9":"product_tag-50-gramu","10":"product_tag-zlaty-slitek","11":"pa_brand-argor","12":"pa_size-50-gramu","14":"first","15":"onbackorder","16":"featured","17":"purchasable","18":"product-type-simple"},"acf":[],"_links":{"self":[{"href":"https:\/\/zlataroudna.cz\/gold\/wp-json\/wp\/v2\/product\/4031","targetHints":{"allow":["GET"]}}],"collection":[{"href":"https:\/\/zlataroudna.cz\/gold\/wp-json\/wp\/v2\/product"}],"about":[{"href":"https:\/\/zlataroudna.cz\/gold\/wp-json\/wp\/v2\/types\/product"}],"version-history":[{"count":2,"href":"https:\/\/zlataroudna.cz\/gold\/wp-json\/wp\/v2\/product\/4031\/revisions"}],"predecessor-version":[{"id":6913,"href":"https:\/\/zlataroudna.cz\/gold\/wp-json\/wp\/v2\/product\/4031\/revisions\/6913"}],"wp:featuredmedia":[{"embeddable":true,"href":"https:\/\/zlataroudna.cz\/gold\/wp-json\/wp\/v2\/media\/4032"}],"wp:attachment":[{"href":"https:\/\/zlataroudna.cz\/gold\/wp-json\/wp\/v2\/media?parent=4031"}],"wp:term":[{"taxonomy":"product_cat","embeddable":true,"href":"https:\/\/zlataroudna.cz\/gold\/wp-json\/wp\/v2\/product_cat?post=4031"},{"taxonomy":"product_tag","embeddable":true,"href":"https:\/\/zlataroudna.cz\/gold\/wp-json\/wp\/v2\/product_tag?post=4031"}],"curies":[{"name":"wp","href":"https:\/\/api.w.org\/{rel}","templated":true}]}}