{"id":4063,"date":"2024-03-25T11:10:57","date_gmt":"2024-03-25T10:10:57","guid":{"rendered":"https:\/\/www.zlataroudna.cz\/gold\/shop\/250g-investicni-zlaty-slitek-pamp-svycarsko\/"},"modified":"2026-04-19T04:31:04","modified_gmt":"2026-04-19T02:31:04","slug":"250g-investicni-zlaty-slitek-pamp-svycarsko","status":"publish","type":"product","link":"https:\/\/zlataroudna.cz\/gold\/shop\/250g-investicni-zlaty-slitek-pamp-svycarsko\/","title":{"rendered":"250 g | Investi\u010dn\u00ed zlat\u00fd slitek | PAMP | \u0160v\u00fdcarsko"},"content":{"rendered":"<h3>250g | Investi\u010dn\u00ed zlat\u00fd slitek | PAMP | \u0160v\u00fdcarsko<\/h3>\n<p>Zlat\u00e9 certifikovan\u00e9 investi\u010dn\u00ed slitky \u0161v\u00fdcarsk\u00e9ho v\u00fdrobce\u00a0<strong><a href=\"http:\/\/www.pamp.com\/\" target=\"_blank\" rel=\"noopener\">Produits Artistiques M\u00e9taux Pr\u00e9cieux<\/a><\/strong>, zn\u00e1m\u00e9ho sp\u00ed\u0161e pod zkratkou\u00a0<strong><a href=\"http:\/\/www.pamp.com\/\" target=\"_blank\" rel=\"noopener\">PAMP<\/a><\/strong>, se vyr\u00e1b\u00ed ji\u017e od roku 1977 a to v nejvy\u0161\u0161\u00ed kvalit\u011b 24 kar\u00e1tov\u00e9ho zlata. V\u00fdrobce PAMP se proslavil sv\u00fdm nad\u010dasov\u00fdm p\u0159\u00edstupem ke kvalit\u011b zpracov\u00e1n\u00ed sv\u00fdch cihli\u010dek s p\u0159idanou um\u011bleckou a sb\u011bratelskou hodnotou.<\/p>\n<p>Zlat\u00e9 cihli\u010dky odpov\u00eddaj\u00ed lond\u00fdnsk\u00e9mu standardu Good Delivery (LBMA) a jsou proto bez probl\u00e9m\u016f obchodov\u00e1ny na v\u0161ech trz\u00edch sv\u011bta. Dnes PAMP ovl\u00e1d\u00e1 p\u0159es polovinu sv\u011btov\u00e9ho trhu s investi\u010dn\u00edmi slitky v gram\u00e1\u017e\u00edch do 1 kg, a proto je i d\u016fle\u017eit\u00fdm dodavatelem zlat\u00fdch cihel centr\u00e1ln\u00edch bank v segmentu lit\u00fdch investi\u010dn\u00edch ingot\u016f.<\/p>\n<p>Dal\u0161\u00edm ocen\u011bn\u00edm, kter\u00e9 tato \u0161v\u00fdcarsk\u00e1 rafin\u00e9rie PAMP z\u00edskala, bylo ocen\u011bn\u00ed The Responsible Jewellery Council, co\u017e je ocen\u011bn\u00ed za etick\u00e9 jedn\u00e1n\u00ed, dodr\u017eov\u00e1n\u00ed lidsk\u00fdch pr\u00e1v p\u0159i t\u011b\u017eb\u011b a zpracov\u00e1n\u00ed, a tak\u00e9 za dodr\u017eov\u00e1n\u00ed soci\u00e1ln\u00edch a ekologick\u00fdch norem.<\/p>\n<p>Na p\u0159edn\u00ed stran\u011b zlat\u00fdch slitk\u016f je zobrazeno logo spole\u010dnosti PAMP, zemi p\u016fvodu, v\u00e1hu a ryzost slitku a znak rafin\u00e9rie \u201cPAMP ESSAYEUR FONDEU\u201d s identifika\u010dn\u00edm certifika\u010dn\u00edm \u010d\u00edslem slitku. Ra\u017een\u00e9 slitky maj\u00ed na sv\u00e9 p\u0159edn\u00ed stran\u011b obraz \u0159\u00edmsk\u00e9 bohyn\u011b \u0161t\u011bst\u00ed Fortuny sypaj\u00edce z rohu hojnost.<\/p>\n<p>Zadn\u00ed strana investi\u010dn\u00edch slitk\u016f je \u010dist\u00e1 a bez jak\u00e9hokoliv motivu.<\/p>\n<p><!--themify_builder_static--><\/p>\n<form id=\"tb_lg86339-form\" method=\"post\" data-post-id=\"0\" data-element-id=\"lg86339\" data-orig-id=\"\">&nbsp;<\/p>\n<\/form>\n<p><!--\/themify_builder_static--><\/p>\n","protected":false},"excerpt":{"rendered":"<h2><strong>Zlat\u00fd investi\u010dn\u00ed slitek \u0161v\u00fdcarsk\u00e9ho v\u00fdrobce PAMP o v\u00e1ze 250 gram\u016f<\/strong><\/h2>\n<p><strong>Materi\u00e1l:<\/strong> AU 999,9\/1000<br \/>\n<strong>Velikost lit\u00e9ho slitku:<\/strong> 35 x 59 x 7 mm<br \/>\n<strong>V\u00e1ha:<\/strong> 250,00 gram\u016f<br \/>\n<strong>Zem\u011b p\u016fvodu:<\/strong> \u0160v\u00fdcarsko<br \/>\n<strong>Rafin\u00e9r: PAMP<\/strong><\/p>\n<p><strong>Certifikace:<\/strong>\u00a0Ka\u017ed\u00fd slitek je opat\u0159en certifik\u00e1tem pravosti a unik\u00e1tn\u00edm s\u00e9riov\u00fdm \u010d\u00edslem.<\/p>\n<p>&nbsp;<\/p>\n","protected":false},"featured_media":4064,"template":"","meta":{"_acf_changed":false},"product_cat":[104,191,15],"product_tag":[188,193,131],"class_list":{"0":"post-4063","1":"product","2":"type-product","3":"status-publish","4":"has-post-thumbnail","6":"product_cat-250-gramu","7":"product_cat-pamp","8":"product_cat-zlate-slitky","9":"product_tag-250-gramu","10":"product_tag-pamp","11":"product_tag-zlaty-slitek","12":"pa_brand-pamp","13":"pa_size-250-gramu","15":"first","16":"outofstock","17":"purchasable","18":"product-type-simple"},"acf":[],"_links":{"self":[{"href":"https:\/\/zlataroudna.cz\/gold\/wp-json\/wp\/v2\/product\/4063","targetHints":{"allow":["GET"]}}],"collection":[{"href":"https:\/\/zlataroudna.cz\/gold\/wp-json\/wp\/v2\/product"}],"about":[{"href":"https:\/\/zlataroudna.cz\/gold\/wp-json\/wp\/v2\/types\/product"}],"version-history":[{"count":4,"href":"https:\/\/zlataroudna.cz\/gold\/wp-json\/wp\/v2\/product\/4063\/revisions"}],"predecessor-version":[{"id":6924,"href":"https:\/\/zlataroudna.cz\/gold\/wp-json\/wp\/v2\/product\/4063\/revisions\/6924"}],"wp:featuredmedia":[{"embeddable":true,"href":"https:\/\/zlataroudna.cz\/gold\/wp-json\/wp\/v2\/media\/4064"}],"wp:attachment":[{"href":"https:\/\/zlataroudna.cz\/gold\/wp-json\/wp\/v2\/media?parent=4063"}],"wp:term":[{"taxonomy":"product_cat","embeddable":true,"href":"https:\/\/zlataroudna.cz\/gold\/wp-json\/wp\/v2\/product_cat?post=4063"},{"taxonomy":"product_tag","embeddable":true,"href":"https:\/\/zlataroudna.cz\/gold\/wp-json\/wp\/v2\/product_tag?post=4063"}],"curies":[{"name":"wp","href":"https:\/\/api.w.org\/{rel}","templated":true}]}}