{"id":4365,"date":"2024-03-25T11:30:12","date_gmt":"2024-03-25T10:30:12","guid":{"rendered":"https:\/\/www.zlataroudna.cz\/gold\/shop\/100g-investicni-zlaty-slitek-heraeus-nemecko\/"},"modified":"2026-04-19T01:30:43","modified_gmt":"2026-04-18T23:30:43","slug":"100g-investicni-zlaty-slitek-lity-argor-nemecko","status":"publish","type":"product","link":"https:\/\/zlataroudna.cz\/gold\/shop\/100g-investicni-zlaty-slitek-lity-argor-nemecko\/","title":{"rendered":"100 g | Investi\u010dn\u00ed zlat\u00fd slitek | lit\u00fd | Heraeus | N\u011bmecko"},"content":{"rendered":"<p>N\u011bmeck\u00e9 zlat\u00e9 slitky z 24 kar\u00e1tov\u00e9ho zlata, certifikovan\u00e9 n\u011bmeckou firmou Heraeus, odpov\u00eddaj\u00ed lond\u00fdnsk\u00e9mu standardu <a href=\"http:\/\/www.lbma.org.uk\/good-delivery\" target=\"_blank\" rel=\"noopener\"><strong>Good Delivery (LBMA)<\/strong><\/a>\u00a0a jsou proto bez probl\u00e9m\u016f akceptov\u00e1ny na v\u0161ech trz\u00edch. Doklad o certifikaci naleznete na svrchn\u00ed stran\u011b slitku s logem v\u00fdrobce i distributora, d\u00e1le pak unik\u00e1tn\u00ed v\u00fdrobn\u00ed \u010d\u00edslo s ryzost\u00ed kovu a hmotnost\u00ed.<\/p>\n<p>V\u011bhlasn\u00e1 n\u011bmeck\u00e1 spole\u010dnost se skv\u011blou reputac\u00ed Heraeus<strong>,<\/strong> kter\u00e1 s\u00eddl\u00ed v n\u011bmeck\u00e9m m\u011bst\u011b Hanau, pat\u0159\u00ed mezi nejv\u011bt\u0161\u00ed v\u00fdrobce a zpracovatele drah\u00fdch a investi\u010dn\u00edch kov\u016f na sv\u011bt\u011b. Jejich investi\u010dn\u00ed zlat\u00e9 slitky Heraeus pat\u0159\u00ed v \u010cesk\u00e9 republice bezpochyby mezi ty nejprod\u00e1van\u011bj\u0161\u00ed. Ro\u010dn\u011b zpracuje a\u017e 400 tun zlata. V\u00fdrobce nab\u00edz\u00ed nejen investi\u010dn\u00ed zlato, kter\u00e9 nach\u00e1z\u00edte v na\u0161\u00ed nab\u00eddce Zlatnick\u00e9ho domu Roudn\u00e1, ale tak\u00e9 i investi\u010dn\u00ed st\u0159\u00edbro, investi\u010dn\u00ed platinu a investi\u010dn\u00ed paladium t\u00e9 nejvy\u0161\u0161\u00ed kvalit\u011b a \u010distot\u011b. Jedn\u00e1 se o produkty nejvy\u0161\u0161\u00ed ryzosti.<\/p>\n<p>Heraeus produkuje zejm\u00e9na ra\u017een\u00e9 a slitky z drah\u00fdch kov\u016f hmotnostech 1 g, 2 g, 5 g, 10 g, 20 g a 1 oz (31,1 g), 50 g, 100 g a odl\u00e9van\u00e9 cihly o hmotnostech 250 g, 500 g a 1000 g. Zlat\u00e9 cihly Heraeus maj\u00ed ryzost 999,9\/1000 (ryz\u00ed 24kar\u00e1tov\u00e9 zlato).<\/p>\n<p>Investo\u0159i nej\u010dast\u011bji vol\u00ed k n\u00e1kupu zlat\u00e9 cihly od 1 unce (31.1g), proto\u017ee investi\u010dn\u00ed zlat\u00e9 slitky ni\u017e\u0161\u00ed hmotnosti maj\u00ed vy\u0161\u0161\u00ed v\u00fdrobn\u00ed n\u00e1klady v p\u0159epo\u010dtu na jeden gram ryz\u00edho materi\u00e1lu.<\/p>\n<form id=\"tb_s61x16-form\" method=\"post\" data-post-id=\"0\" data-element-id=\"s61x16\" data-orig-id=\"\">&nbsp;<\/p>\n<\/form>\n<p><!--\/themify_builder_static--><\/p>\n","protected":false},"excerpt":{"rendered":"<h2>Zlat\u00fd investi\u010dn\u00ed slitek 100g Heraeus N\u011bmecko lit\u00fd<\/h2>\n<p><strong>Velikost<\/strong>: 49,65 x 28,50 x 3 mm<br \/>\n<strong>Materi\u00e1l<\/strong>: AU 999,9\/1000<br \/>\n<strong>V\u00e1ha<\/strong>: 100,00 gram\u016f<br \/>\n<strong>Zem\u011b p\u016fvodu<\/strong>: N\u011bmecko<br \/>\n<strong>Rafin\u00e9r<\/strong>: Heraeus<\/p>\n","protected":false},"featured_media":4366,"template":"","meta":{"_acf_changed":false},"product_cat":[136,176,15],"product_tag":[229,230,187,131],"class_list":{"0":"post-4365","1":"product","2":"type-product","3":"status-publish","4":"has-post-thumbnail","6":"product_cat-100-g","7":"product_cat-argor-hereaus","8":"product_cat-zlate-slitky","9":"product_tag-akcni-sleva","10":"product_tag-nejprodavanejsi-slitek","11":"product_tag-100-gramu","12":"product_tag-zlaty-slitek","13":"pa_brand-argor","14":"pa_size-100-gramu","16":"first","17":"outofstock","18":"featured","19":"purchasable","20":"product-type-simple"},"acf":[],"_links":{"self":[{"href":"https:\/\/zlataroudna.cz\/gold\/wp-json\/wp\/v2\/product\/4365","targetHints":{"allow":["GET"]}}],"collection":[{"href":"https:\/\/zlataroudna.cz\/gold\/wp-json\/wp\/v2\/product"}],"about":[{"href":"https:\/\/zlataroudna.cz\/gold\/wp-json\/wp\/v2\/types\/product"}],"version-history":[{"count":4,"href":"https:\/\/zlataroudna.cz\/gold\/wp-json\/wp\/v2\/product\/4365\/revisions"}],"predecessor-version":[{"id":6932,"href":"https:\/\/zlataroudna.cz\/gold\/wp-json\/wp\/v2\/product\/4365\/revisions\/6932"}],"wp:featuredmedia":[{"embeddable":true,"href":"https:\/\/zlataroudna.cz\/gold\/wp-json\/wp\/v2\/media\/4366"}],"wp:attachment":[{"href":"https:\/\/zlataroudna.cz\/gold\/wp-json\/wp\/v2\/media?parent=4365"}],"wp:term":[{"taxonomy":"product_cat","embeddable":true,"href":"https:\/\/zlataroudna.cz\/gold\/wp-json\/wp\/v2\/product_cat?post=4365"},{"taxonomy":"product_tag","embeddable":true,"href":"https:\/\/zlataroudna.cz\/gold\/wp-json\/wp\/v2\/product_tag?post=4365"}],"curies":[{"name":"wp","href":"https:\/\/api.w.org\/{rel}","templated":true}]}}