{"id":5353,"date":"2024-03-25T11:25:18","date_gmt":"2024-03-25T10:25:18","guid":{"rendered":"https:\/\/www.zlataroudna.cz\/gold\/shop\/100g-investicni-zlaty-slitek-valcambi-svycarsko\/"},"modified":"2026-04-19T00:30:34","modified_gmt":"2026-04-18T22:30:34","slug":"100g-investicni-zlaty-slitek-valcambi-svycarsko","status":"publish","type":"product","link":"https:\/\/zlataroudna.cz\/gold\/shop\/100g-investicni-zlaty-slitek-valcambi-svycarsko\/","title":{"rendered":"100 g | Investi\u010dn\u00ed zlat\u00fd slitek | Valcambi | \u0160v\u00fdcarsko"},"content":{"rendered":"<h3>100g | Investi\u010dn\u00ed zlat\u00fd slitek | Valcambi | \u0160v\u00fdcarsko<\/h3>\n<p>\u0160v\u00fdcarsk\u00e9 zlat\u00e9 slitky z 24 kar\u00e1tov\u00e9ho zlata, certifikovan\u00e9 <strong>\u0161v\u00fdcarskou firmou Valcambi,<\/strong> odpov\u00eddaj\u00ed lond\u00fdnsk\u00e9mu standardu Good Delivery (LBMA) a jsou proto bez probl\u00e9m\u016f akceptov\u00e1ny na v\u0161ech trz\u00edch. Doklad o certifikaci naleznete na svrchn\u00ed stran\u011b slitku s logem v\u00fdrobce, d\u00e1le pak unik\u00e1tn\u00ed v\u00fdrobn\u00ed \u010d\u00edslo s ryzost\u00ed kovu a hmotnost\u00ed.<\/p>\n<p>\u0160v\u00fdcarsk\u00e1 spole\u010dnost Valcambi jako z\u00e1ruka kvality a stability\u2026<\/p>\n<p>\u0160v\u00fdcarsk\u00e1 sl\u00e9v\u00e1rna Valcambi s v\u00edce ne\u017e 60ti letou tradic\u00ed zu\u0161lech\u0165uje zlato, st\u0159\u00edbro, platinu a palladium do r\u016fzn\u00fdch forem v\u010detn\u011b lit\u00fdch a ra\u017een\u00fdch slitk\u016f, n\u00e1boj\u016f, minc\u00ed a dal\u0161\u00edch odl\u00e9van\u00fdch polotovar\u016f . Pat\u0159\u00ed mezi nejv\u011bt\u0161\u00ed rafin\u00e9rie drah\u00fdch kov\u016f na sv\u011bt\u011b a rafinuje v\u00edce zlata ne\u017e kter\u00fdkoli jin\u00fd.<\/p>\n<p>Dnes je <strong>Valcambi<\/strong> pln\u011b vlastn\u011bna spole\u010dnost\u00ed Global Gold Refineries Ltd (GGR) se s\u00eddlem ve \u0160v\u00fdcarsku. \u00dast\u0159ed\u00ed Valcambi a rafin\u00e9rsk\u00e9 provozy se nach\u00e1zej\u00ed v Balern\u011b v jihov\u00fdchodn\u00edm \u0160v\u00fdcarsku.<\/p>\n<p>Investo\u0159i nej\u010dast\u011bji vol\u00ed k n\u00e1kupu zlat\u00e9 cihly od 1 unce (31.1g) po 100g, proto\u017ee investi\u010dn\u00ed zlat\u00e9 slitky ni\u017e\u0161\u00ed hmotnosti maj\u00ed vy\u0161\u0161\u00ed v\u00fdrobn\u00ed n\u00e1klady v p\u0159epo\u010dtu na jeden gram ryz\u00edho materi\u00e1lu.<\/p>\n<p>Ak\u010dn\u00ed nab\u00eddka 100g zlat\u00fdch ra\u017een\u00fdch investi\u010dn\u00ed slitk\u016f p\u0159\u00edmo od Zlatnick\u00e9ho domu Roudn\u00e1 v Plzni. N\u00ed\u017ee uveden\u00e1 cena je za jeden kus v dan\u00e9m odb\u011brn\u00e9m mno\u017estv\u00ed.<\/p>\n","protected":false},"excerpt":{"rendered":"<p><strong>Investi\u010dn\u00ed zlat\u00fd slitek \u0161v\u00fdcarsk\u00e9ho v\u00fdrobce Valcambi 100g<\/strong><\/p>\n<p><strong>Velikost<\/strong>: 28,5 x 49,7 x 3,9 mm<br \/>\n<strong>Materi\u00e1l<\/strong>: AU 999,9\/1000<br \/>\n<strong>V\u00e1ha<\/strong>: 100,00 gram\u016f<br \/>\n<strong>Zem\u011b p\u016fvodu<\/strong>: \u0160v\u00fdcarsko<br \/>\n<strong>Rafin\u00e9r<\/strong>: Valcambi<br \/>\n<strong>Forma<\/strong>: ra\u017een\u00fd slitek<\/p>\n<p><strong>Certifikace:<\/strong>\u00a0Ka\u017ed\u00fd slitek je opat\u0159en certifik\u00e1tem pravosti a unik\u00e1tn\u00edm s\u00e9riov\u00fdm \u010d\u00edslem.<\/p>\n<p>&nbsp;<\/p>\n","protected":false},"featured_media":5354,"template":"","meta":{"_acf_changed":false},"product_cat":[136,261,15],"product_tag":[229,230,187,131],"class_list":{"0":"post-5353","1":"product","2":"type-product","3":"status-publish","4":"has-post-thumbnail","6":"product_cat-100-g","7":"product_cat-valcambi","8":"product_cat-zlate-slitky","9":"product_tag-akcni-sleva","10":"product_tag-nejprodavanejsi-slitek","11":"product_tag-100-gramu","12":"product_tag-zlaty-slitek","13":"pa_brand-valcambi","14":"pa_size-100-gramu","16":"first","17":"onbackorder","18":"featured","19":"purchasable","20":"product-type-simple"},"acf":[],"_links":{"self":[{"href":"https:\/\/zlataroudna.cz\/gold\/wp-json\/wp\/v2\/product\/5353","targetHints":{"allow":["GET"]}}],"collection":[{"href":"https:\/\/zlataroudna.cz\/gold\/wp-json\/wp\/v2\/product"}],"about":[{"href":"https:\/\/zlataroudna.cz\/gold\/wp-json\/wp\/v2\/types\/product"}],"version-history":[{"count":3,"href":"https:\/\/zlataroudna.cz\/gold\/wp-json\/wp\/v2\/product\/5353\/revisions"}],"predecessor-version":[{"id":6927,"href":"https:\/\/zlataroudna.cz\/gold\/wp-json\/wp\/v2\/product\/5353\/revisions\/6927"}],"wp:featuredmedia":[{"embeddable":true,"href":"https:\/\/zlataroudna.cz\/gold\/wp-json\/wp\/v2\/media\/5354"}],"wp:attachment":[{"href":"https:\/\/zlataroudna.cz\/gold\/wp-json\/wp\/v2\/media?parent=5353"}],"wp:term":[{"taxonomy":"product_cat","embeddable":true,"href":"https:\/\/zlataroudna.cz\/gold\/wp-json\/wp\/v2\/product_cat?post=5353"},{"taxonomy":"product_tag","embeddable":true,"href":"https:\/\/zlataroudna.cz\/gold\/wp-json\/wp\/v2\/product_tag?post=5353"}],"curies":[{"name":"wp","href":"https:\/\/api.w.org\/{rel}","templated":true}]}}